{"id":46,"date":"2023-10-13T16:41:02","date_gmt":"2023-10-13T16:41:02","guid":{"rendered":"https:\/\/themexriver.com\/wp\/vistro\/?page_id=46"},"modified":"2025-10-01T12:07:53","modified_gmt":"2025-10-01T10:07:53","slug":"contacto","status":"publish","type":"page","link":"https:\/\/mywayivs.com\/en\/contacto\/","title":{"rendered":"Contact Us"},"content":{"rendered":"<div data-elementor-type=\"wp-page\" data-elementor-id=\"46\" class=\"elementor elementor-46\" data-elementor-post-type=\"page\">\n\t\t\t\t<div class=\"elementor-element elementor-element-77440ef e-flex e-con-boxed e-con e-parent\" data-id=\"77440ef\" data-element_type=\"container\" data-e-type=\"container\" data-settings=\"{&quot;background_background&quot;:&quot;video&quot;,&quot;background_video_link&quot;:&quot;https:\\\/\\\/mywayivs.com\\\/wp-content\\\/uploads\\\/2025\\\/09\\\/reunion-oficina-trabajo-empresarial.mp4&quot;,&quot;background_play_on_mobile&quot;:&quot;yes&quot;}\">\n\t\t\t\t\t<div class=\"e-con-inner\">\n\t\t<div class=\"elementor-background-video-container\">\n\t\t\t\t\t\t\t<video class=\"elementor-background-video-hosted\" role=\"presentation\" autoplay muted playsinline loop><\/video>\n\t\t\t\t\t<\/div>\t\t<div class=\"elementor-element elementor-element-10a97e8 elementor-widget elementor-widget-heading\" data-id=\"10a97e8\" data-element_type=\"widget\" data-e-type=\"widget\" data-widget_type=\"heading.default\">\n\t\t\t\t\t<h2 class=\"elementor-heading-title elementor-size-default\">Contact Us<\/h2>\t\t\t\t<\/div>\n\t\t\t\t\t<\/div>\n\t\t\t\t<\/div>\n\t\t\t\t<section class=\"elementor-section elementor-top-section elementor-element elementor-element-f532c6f elementor-section-boxed elementor-section-height-default elementor-section-height-default\" data-id=\"f532c6f\" data-element_type=\"section\" data-e-type=\"section\" data-settings=\"{&quot;background_background&quot;:&quot;classic&quot;}\">\n\t\t\t\t\t\t<div class=\"elementor-container elementor-column-gap-default\">\n\t\t\t\t\t<div class=\"elementor-column elementor-col-50 elementor-top-column elementor-element elementor-element-79c4bbe\" data-id=\"79c4bbe\" data-element_type=\"column\" data-e-type=\"column\">\n\t\t\t<div class=\"elementor-widget-wrap elementor-element-populated\">\n\t\t\t\t\t\t<section class=\"elementor-section elementor-inner-section elementor-element elementor-element-eb31b4c elementor-section-boxed elementor-section-height-default elementor-section-height-default\" data-id=\"eb31b4c\" data-element_type=\"section\" data-e-type=\"section\">\n\t\t\t\t\t\t<div class=\"elementor-container elementor-column-gap-default\">\n\t\t\t\t\t<div class=\"elementor-column elementor-col-100 elementor-inner-column elementor-element elementor-element-2230836\" data-id=\"2230836\" data-element_type=\"column\" data-e-type=\"column\">\n\t\t\t<div class=\"elementor-widget-wrap elementor-element-populated\">\n\t\t\t\t\t\t<div class=\"elementor-element elementor-element-f242807 elementor-widget elementor-widget-section_heading elh-el section_heading\" data-id=\"f242807\" data-element_type=\"widget\" data-e-type=\"widget\" data-settings=\"{&quot;design_style&quot;:&quot;style_1&quot;}\" data-widget_type=\"section_heading.default\">\n\t\t\t\t<div class=\"elementor-widget-container\">\n\t\t\t\t\t<div class=\"vst-section-title-1 tx-sectionHeading\">\r\n        <h6 class=\"vst-subtitle-1 tx-subTitle wow none\" data-wow-duration=\"\">\r\n        \/\/ Contact us    <\/h6>\r\n        <h2 class=\"tx-title section-title-1 reveal-type black wow none\" data-wow-duration=\"\">Take the First Step Toward Your International Move.<\/h2>        <p class=\"tx-description vst-pera-2 choose-1-pera  wow none\" data-wow-duration=\"\">\r\n        At MY WAY IVS, our team of licensed attorneys and qualified advisors in Spain specializes in immigration law and international\u00a0mobility.    <\/p>\r\n    <\/div>\t\t\t\t<\/div>\n\t\t\t\t<\/div>\n\t\t\t\t\t<\/div>\n\t\t<\/div>\n\t\t\t\t\t<\/div>\n\t\t<\/section>\n\t\t\t\t<section class=\"elementor-section elementor-inner-section elementor-element elementor-element-227529e elementor-section-content-middle elementor-section-boxed elementor-section-height-default elementor-section-height-default\" data-id=\"227529e\" data-element_type=\"section\" data-e-type=\"section\">\n\t\t\t\t\t\t<div class=\"elementor-container elementor-column-gap-default\">\n\t\t\t\t\t<div class=\"elementor-column elementor-col-50 elementor-inner-column elementor-element elementor-element-6318d56\" data-id=\"6318d56\" data-element_type=\"column\" data-e-type=\"column\">\n\t\t\t<div class=\"elementor-widget-wrap elementor-element-populated\">\n\t\t\t\t\t\t<div class=\"elementor-element elementor-element-86a31b8 elementor-widget elementor-widget-vistro_iconbox elh-el vistro_iconbox\" data-id=\"86a31b8\" data-element_type=\"widget\" data-e-type=\"widget\" data-settings=\"{&quot;design_style&quot;:&quot;style_2&quot;}\" data-widget_type=\"vistro_iconbox.default\">\n\t\t\t\t<div class=\"elementor-widget-container\">\n\t\t\t\t\t<div class=\"vst-choose-1-feature-item wow none\" data-wow-duration=\"\">\r\n        <div class=\"icon\">\r\n                    <i aria-hidden=\"true\" class=\"flaticon-travel-and-tourism\"><\/i>            <\/div>\r\n    \r\n        <h4 class=\"h1-heading name\">\r\n        We design global mobility strategies according to your situation    <\/h4>\r\n    <\/div>\t\t\t\t<\/div>\n\t\t\t\t<\/div>\n\t\t\t\t\t<\/div>\n\t\t<\/div>\n\t\t\t\t<div class=\"elementor-column elementor-col-50 elementor-inner-column elementor-element elementor-element-4312494\" data-id=\"4312494\" data-element_type=\"column\" data-e-type=\"column\">\n\t\t\t<div class=\"elementor-widget-wrap elementor-element-populated\">\n\t\t\t\t\t\t<div class=\"elementor-element elementor-element-7bf2c97 elementor-widget elementor-widget-vistro_iconbox elh-el vistro_iconbox\" data-id=\"7bf2c97\" data-element_type=\"widget\" data-e-type=\"widget\" data-settings=\"{&quot;design_style&quot;:&quot;style_2&quot;}\" data-widget_type=\"vistro_iconbox.default\">\n\t\t\t\t<div class=\"elementor-widget-container\">\n\t\t\t\t\t<div class=\"vst-choose-1-feature-item wow none\" data-wow-duration=\"\">\r\n        <div class=\"icon\">\r\n                    <i aria-hidden=\"true\" class=\"flaticon-passport-2\"><\/i>            <\/div>\r\n    \r\n        <h4 class=\"h1-heading name\">\r\n        Comprehensive Legal and Administrative Support, From\u00a0Start\u00a0to\u00a0Finish    <\/h4>\r\n    <\/div>\t\t\t\t<\/div>\n\t\t\t\t<\/div>\n\t\t\t\t\t<\/div>\n\t\t<\/div>\n\t\t\t\t\t<\/div>\n\t\t<\/section>\n\t\t\t\t\t<\/div>\n\t\t<\/div>\n\t\t\t\t<div class=\"elementor-column elementor-col-50 elementor-top-column elementor-element elementor-element-ff6b67a\" data-id=\"ff6b67a\" data-element_type=\"column\" data-e-type=\"column\">\n\t\t\t<div class=\"elementor-widget-wrap elementor-element-populated\">\n\t\t\t\t\t\t<div class=\"elementor-element elementor-element-93c8f17 elementor-widget elementor-widget-html\" data-id=\"93c8f17\" data-element_type=\"widget\" data-e-type=\"widget\" data-widget_type=\"html.default\">\n\t\t\t\t\t<div class=\"vst-contact-1-form-wrap bg-default\" data-background=\"https:\/\/mywayivs.com\/wp-content\/uploads\/2023\/10\/h1-form-bg.webp\" style=\"background-image: url('https:\/\/mywayivs.com\/wp-content\/uploads\/2023\/10\/h1-form-bg.webp');\">\r\n\r\n  <!-- Formulario EN -->\r\n  <div class=\"cf7-en\">\r\n    <h3 class=\"h1-heading title\">Contact Us now<\/h3>\r\n    \n<div class=\"wpcf7 no-js\" id=\"wpcf7-f2046-o1\" lang=\"es-ES\" dir=\"ltr\" data-wpcf7-id=\"2046\">\n<div class=\"screen-reader-response\"><p role=\"status\" aria-live=\"polite\" aria-atomic=\"true\"><\/p> <ul><\/ul><\/div>\n<form action=\"\/en\/wp-json\/wp\/v2\/pages\/46#wpcf7-f2046-o1\" method=\"post\" class=\"wpcf7-form init\" aria-label=\"Formulario de contacto\" novalidate=\"novalidate\" data-status=\"init\" data-trp-original-action=\"\/en\/wp-json\/wp\/v2\/pages\/46#wpcf7-f2046-o1\">\n<fieldset class=\"hidden-fields-container\"><input type=\"hidden\" name=\"_wpcf7\" value=\"2046\" \/><input type=\"hidden\" name=\"_wpcf7_version\" value=\"6.1.2\" \/><input type=\"hidden\" name=\"_wpcf7_locale\" value=\"es_ES\" \/><input type=\"hidden\" name=\"_wpcf7_unit_tag\" value=\"wpcf7-f2046-o1\" \/><input type=\"hidden\" name=\"_wpcf7_container_post\" value=\"0\" \/><input type=\"hidden\" name=\"_wpcf7_posted_data_hash\" value=\"\" \/>\n<\/fieldset>\n<div class=\"vst-contact-1-form\">\n    <div class=\"input-item\">\n        <span class=\"wpcf7-form-control-wrap\" data-name=\"your-name\"><input size=\"40\" maxlength=\"400\" class=\"wpcf7-form-control wpcf7-text wpcf7-validates-as-required\" aria-required=\"true\" aria-invalid=\"false\" placeholder=\"Name\" value=\"\" type=\"text\" name=\"your-name\" \/><\/span>\n        <i class=\"fas fa-user\"><\/i>\n    <\/div>\n    <div class=\"input-item\">\n        <span class=\"wpcf7-form-control-wrap\" data-name=\"your-email\"><input size=\"40\" maxlength=\"400\" class=\"wpcf7-form-control wpcf7-email wpcf7-validates-as-required wpcf7-text wpcf7-validates-as-email\" aria-required=\"true\" aria-invalid=\"false\" placeholder=\"Email\" value=\"\" type=\"email\" name=\"your-email\" \/><\/span>\n        <i class=\"fas fa-envelope\"><\/i>\n    <\/div>\n    <div class=\"input-item\">\n        <span class=\"wpcf7-form-control-wrap\" data-name=\"country-code\"><input size=\"40\" maxlength=\"400\" class=\"wpcf7-form-control wpcf7-text wpcf7-validates-as-required\" aria-required=\"true\" aria-invalid=\"false\" placeholder=\"Country code\" value=\"\" type=\"text\" name=\"country-code\" \/><\/span>\n        <i class=\"fas fa-paper-plane\"><\/i>\n    <\/div>\n    <div class=\"input-item\">\n        <span class=\"wpcf7-form-control-wrap\" data-name=\"your-phone\"><input size=\"40\" maxlength=\"400\" class=\"wpcf7-form-control wpcf7-tel wpcf7-validates-as-required wpcf7-text wpcf7-validates-as-tel\" aria-required=\"true\" aria-invalid=\"false\" placeholder=\"Phone\" value=\"\" type=\"tel\" name=\"your-phone\" \/><\/span>\n        <i class=\"fas fa-phone-alt\"><\/i>\n    <\/div>\n    <div class=\"input-item\">\n        <label for=\"soy\">I am...<\/label>\n        <span class=\"wpcf7-form-control-wrap\" data-name=\"soy\"><select class=\"wpcf7-form-control wpcf7-select wpcf7-validates-as-required\" aria-required=\"true\" aria-invalid=\"false\" name=\"soy\"><option value=\"Seleccione una opci\u00f3n\">Select an option<\/option><option value=\"Particular\">Individual<\/option><option value=\"Empresa\">Company<\/option><\/select><\/span>\n        <i class=\"fas fa-tag\"><\/i>\n    <\/div>\n    <div class=\"input-item\">\n        <label for=\"pais\">Country of interest<\/label>\n        <span class=\"wpcf7-form-control-wrap\" data-name=\"pais\"><input size=\"40\" maxlength=\"400\" class=\"wpcf7-form-control wpcf7-text wpcf7-validates-as-required\" aria-required=\"true\" aria-invalid=\"false\" placeholder=\"Country of interest\" value=\"\" type=\"text\" name=\"pais\" \/><\/span>\n        <i class=\"far fa-globe\"><\/i>\n    <\/div>\n    <div class=\"input-item full-width\">\n        <span class=\"wpcf7-form-control-wrap\" data-name=\"your-message\"><textarea cols=\"40\" rows=\"10\" maxlength=\"2000\" class=\"wpcf7-form-control wpcf7-textarea wpcf7-validates-as-required\" aria-required=\"true\" aria-invalid=\"false\" placeholder=\"Write your message\" name=\"your-message\"><\/textarea><\/span>\n    <\/div>\n    <div class=\"input-item full-width\">\n        <button class=\"vst-btn-1\" type=\"submit\">\n            Send message\n            <i class=\"fas fa-long-arrow-alt-right\"><\/i>\n        <\/button>\n    <\/div>\n<\/div><div class=\"wpcf7-response-output\" aria-hidden=\"true\"><\/div>\n<input type=\"hidden\" name=\"trp-form-language\" value=\"en\"\/><\/form>\n<\/div>\n\r\n  <\/div>\r\n\r\n  <!-- Formulario ES -->\r\n  <div class=\"cf7-es\">\r\n    <h3 class=\"h1-heading title\">Contact Us now<\/h3>\r\n    \n<div class=\"wpcf7 no-js\" id=\"wpcf7-f422-o2\" lang=\"en-US\" dir=\"ltr\" data-wpcf7-id=\"422\">\n<div class=\"screen-reader-response\"><p role=\"status\" aria-live=\"polite\" aria-atomic=\"true\"><\/p> <ul><\/ul><\/div>\n<form action=\"\/en\/wp-json\/wp\/v2\/pages\/46#wpcf7-f422-o2\" method=\"post\" class=\"wpcf7-form init\" aria-label=\"Contact form\" novalidate=\"novalidate\" data-status=\"init\" data-trp-original-action=\"\/en\/wp-json\/wp\/v2\/pages\/46#wpcf7-f422-o2\">\n<fieldset class=\"hidden-fields-container\"><input type=\"hidden\" name=\"_wpcf7\" value=\"422\" \/><input type=\"hidden\" name=\"_wpcf7_version\" value=\"6.1.2\" \/><input type=\"hidden\" name=\"_wpcf7_locale\" value=\"en_US\" \/><input type=\"hidden\" name=\"_wpcf7_unit_tag\" value=\"wpcf7-f422-o2\" \/><input type=\"hidden\" name=\"_wpcf7_container_post\" value=\"0\" \/><input type=\"hidden\" name=\"_wpcf7_posted_data_hash\" value=\"\" \/>\n<\/fieldset>\n<div class=\"vst-contact-1-form\">\n    <div class=\"input-item\">\n        <span class=\"wpcf7-form-control-wrap\" data-name=\"your-name\"><input size=\"40\" maxlength=\"400\" class=\"wpcf7-form-control wpcf7-text wpcf7-validates-as-required\" aria-required=\"true\" aria-invalid=\"false\" placeholder=\"Name\" value=\"\" type=\"text\" name=\"your-name\" \/><\/span>\n        <i class=\"fas fa-user\"><\/i>\n    <\/div>\n    <div class=\"input-item\">\n        <span class=\"wpcf7-form-control-wrap\" data-name=\"your-email\"><input size=\"40\" maxlength=\"400\" class=\"wpcf7-form-control wpcf7-email wpcf7-validates-as-required wpcf7-text wpcf7-validates-as-email\" aria-required=\"true\" aria-invalid=\"false\" placeholder=\"Email\" value=\"\" type=\"email\" name=\"your-email\" \/><\/span>\n        <i class=\"fas fa-envelope\"><\/i>\n    <\/div>\n    <div class=\"input-item\">\n        <span class=\"wpcf7-form-control-wrap\" data-name=\"country-code\"><input size=\"40\" maxlength=\"400\" class=\"wpcf7-form-control wpcf7-text wpcf7-validates-as-required\" aria-required=\"true\" aria-invalid=\"false\" placeholder=\"Country code\" value=\"\" type=\"text\" name=\"country-code\" \/><\/span>\n        <i class=\"fas fa-paper-plane\"><\/i>\n    <\/div>\n    <div class=\"input-item\">\n        <span class=\"wpcf7-form-control-wrap\" data-name=\"your-phone\"><input size=\"40\" maxlength=\"400\" class=\"wpcf7-form-control wpcf7-tel wpcf7-validates-as-required wpcf7-text wpcf7-validates-as-tel\" aria-required=\"true\" aria-invalid=\"false\" placeholder=\"Phone\" value=\"\" type=\"tel\" name=\"your-phone\" \/><\/span>\n        <i class=\"fas fa-phone-alt\"><\/i>\n    <\/div>\n    <div class=\"input-item\">\n        <label for=\"soy\">I am...<\/label>\n        <span class=\"wpcf7-form-control-wrap\" data-name=\"soy\"><select class=\"wpcf7-form-control wpcf7-select wpcf7-validates-as-required\" aria-required=\"true\" aria-invalid=\"false\" name=\"soy\"><option value=\"Seleccione una opci\u00f3n\">Select an option<\/option><option value=\"Particular\">Individual<\/option><option value=\"Empresa\">Company<\/option><\/select><\/span>\n        <i class=\"fas fa-tag\"><\/i>\n    <\/div>\n    <div class=\"input-item\">\n        <label for=\"pais\">Country of interest<\/label>\n        <span class=\"wpcf7-form-control-wrap\" data-name=\"pais\"><input size=\"40\" maxlength=\"400\" class=\"wpcf7-form-control wpcf7-text wpcf7-validates-as-required\" aria-required=\"true\" aria-invalid=\"false\" placeholder=\"Country of interest\" value=\"\" type=\"text\" name=\"pais\" \/><\/span>\n        <i class=\"far fa-globe\"><\/i>\n    <\/div>\n    <div class=\"input-item full-width\">\n        <span class=\"wpcf7-form-control-wrap\" data-name=\"your-message\"><textarea cols=\"40\" rows=\"10\" maxlength=\"2000\" class=\"wpcf7-form-control wpcf7-textarea wpcf7-validates-as-required\" aria-required=\"true\" aria-invalid=\"false\" placeholder=\"Write your message\" name=\"your-message\"><\/textarea><\/span>\n    <\/div>\n    <div class=\"input-item full-width\">\n        <button class=\"vst-btn-1\" type=\"submit\">\n            Send message\n            <i class=\"fas fa-long-arrow-alt-right\"><\/i>\n        <\/button>\n    <\/div>\n<\/div><div class=\"wpcf7-response-output\" aria-hidden=\"true\"><\/div>\n<input type=\"hidden\" name=\"trp-form-language\" value=\"en\"\/><\/form>\n<\/div>\n\r\n  <\/div>\r\n\r\n<\/div>\r\n\t\t\t\t<\/div>\n\t\t\t\t\t<\/div>\n\t\t<\/div>\n\t\t\t\t\t<\/div>\n\t\t<\/section>\n\t\t\t\t<\/div>","protected":false},"excerpt":{"rendered":"<p>Contactenos \/\/ Contactanos Da el primer paso hacia tu traslado internacional. En MY WAY IVS Somos abogados y gestores colegiados y aptos para ejercer en Espa\u00f1a, especializados en extranjer\u00eda y con amplia experiencia en movilidad internacional. Dise\u00f1amos estrategias de movilidad global seg\u00fan tu situaci\u00f3n Acompa\u00f1amiento legal y administrativo de inicio a fin Contact Us now [&hellip;]<\/p>","protected":false},"author":1,"featured_media":0,"parent":0,"menu_order":0,"comment_status":"closed","ping_status":"closed","template":"elementor_header_footer","meta":{"inline_featured_image":false,"footnotes":""},"class_list":["post-46","page","type-page","status-publish","hentry"],"_links":{"self":[{"href":"https:\/\/mywayivs.com\/en\/wp-json\/wp\/v2\/pages\/46","targetHints":{"allow":["GET"]}}],"collection":[{"href":"https:\/\/mywayivs.com\/en\/wp-json\/wp\/v2\/pages"}],"about":[{"href":"https:\/\/mywayivs.com\/en\/wp-json\/wp\/v2\/types\/page"}],"author":[{"embeddable":true,"href":"https:\/\/mywayivs.com\/en\/wp-json\/wp\/v2\/users\/1"}],"replies":[{"embeddable":true,"href":"https:\/\/mywayivs.com\/en\/wp-json\/wp\/v2\/comments?post=46"}],"version-history":[{"count":32,"href":"https:\/\/mywayivs.com\/en\/wp-json\/wp\/v2\/pages\/46\/revisions"}],"predecessor-version":[{"id":2059,"href":"https:\/\/mywayivs.com\/en\/wp-json\/wp\/v2\/pages\/46\/revisions\/2059"}],"wp:attachment":[{"href":"https:\/\/mywayivs.com\/en\/wp-json\/wp\/v2\/media?parent=46"}],"curies":[{"name":"wp","href":"https:\/\/api.w.org\/{rel}","templated":true}]}}